{"id":123,"date":"2022-01-23T13:30:01","date_gmt":"2022-01-23T12:30:01","guid":{"rendered":"https:\/\/www.murtila.eu\/?page_id=123"},"modified":"2022-01-23T19:54:54","modified_gmt":"2022-01-23T18:54:54","slug":"fotonatjecanje","status":"publish","type":"page","link":"https:\/\/www.murtila.eu\/en\/domaci-projekti\/fotonatjecanje\/","title":{"rendered":"Photo competition"},"content":{"rendered":"<p class=\"translation-block\">\"<strong>Hidden beauty of Okrug<\/strong>\" is a photo competition for children and young people, artists and amateurs, tourists and locals, and its goal is to encourage contestants to see Okruk, spot hidden beauties and encourage creativity and thinking about the attractions of this little place on the Ciovo peninsula, situated only a few kilometers away from ancient Trogir, which attracts many tourists.<\/p>\n\n\n\n<p>The photo contest is held in July, and the award ceremony and the announcement of the winners is always announced on the last day of Children's Week, within the Okrug Summer Evenings.<\/p>\n\n\n\n<p>We publish all the received photos on the Facebook page of the Murtila association.<\/p>\n\n\n\n<p class=\"translation-block\"><strong>The jury consists of:<\/strong>\n<br>Mare Milin, professional photographer,\n<br>Maja Marohni\u0107, art historian\n<br>Representative of the Tourist Office of the Municipality of Okrug\n<br>Representative of the Okrug Municipality<\/p>\n\n\n\n<h2 class=\"wp-block-heading\">Second Photo competition<\/h2>\n\n\n\n<p>1st place was shared by Vesna Josipovi\u0107 for photo Racetinovac 2 and Tomislav Princivali for photo no. 2<br>2nd place was won by Klara Bilic, whose 2 photos took 2nd place with the same number of points: Bush and Imocki in <img loading=\"lazy\" decoding=\"async\" height=\"16\" width=\"16\" alt=\"\ud83e\udd0d\" src=\"https:\/\/ci5.googleusercontent.com\/proxy\/N0cmZR0n44LmScDBAqd-mgYCJLh7ywcFB6-2spQeXun2RfHB_O-OXXAKfzVhzsnuVRPLSjqJX7RTWN8hH5s_TvVwN3HGRrgjE8cTrC4RQPMWkaSP=s0-d-e1-ft#https:\/\/static.xx.fbcdn.net\/images\/emoji.php\/v9\/t3\/3\/16\/1f90d.png\"><br>3rd place with excellent 3 photos was won by Renato Bareta.<br>Ivan Radi\u0107 (12) won the special award as the youngest competitor.<\/p>\n\n\n\n<div class=\"wp-block-image\"><figure class=\"aligncenter size-large\"><img loading=\"lazy\" decoding=\"async\" width=\"724\" height=\"1024\" src=\"https:\/\/www.murtila.eu\/wp-content\/uploads\/2022\/01\/Fotonatjecaj-724x1024.jpg\" alt=\"\" class=\"wp-image-140\" srcset=\"https:\/\/www.murtila.eu\/wp-content\/uploads\/2022\/01\/Fotonatjecaj-724x1024.jpg 724w, https:\/\/www.murtila.eu\/wp-content\/uploads\/2022\/01\/Fotonatjecaj-212x300.jpg 212w, https:\/\/www.murtila.eu\/wp-content\/uploads\/2022\/01\/Fotonatjecaj-768x1086.jpg 768w, https:\/\/www.murtila.eu\/wp-content\/uploads\/2022\/01\/Fotonatjecaj-8x12.jpg 8w, https:\/\/www.murtila.eu\/wp-content\/uploads\/2022\/01\/Fotonatjecaj.jpg 800w\" sizes=\"auto, (max-width: 724px) 100vw, 724px\" \/><\/figure><\/div>\n\n\n\n<figure class=\"wp-block-gallery columns-2 is-cropped wp-block-gallery-1 is-layout-flex wp-block-gallery-is-layout-flex\"><ul class=\"blocks-gallery-grid\"><li class=\"blocks-gallery-item\"><figure><img loading=\"lazy\" decoding=\"async\" width=\"800\" height=\"530\" src=\"http:\/\/www.murtila.eu\/wp-content\/uploads\/2022\/01\/renato-3.-mjesto.jpg\" alt=\"\" data-id=\"139\" data-full-url=\"http:\/\/www.murtila.eu\/wp-content\/uploads\/2022\/01\/renato-3.-mjesto.jpg\" data-link=\"https:\/\/www.murtila.eu\/domaci-projekti\/fotonatjecanje\/renato-3-mjesto\/\" class=\"wp-image-139\" srcset=\"https:\/\/www.murtila.eu\/wp-content\/uploads\/2022\/01\/renato-3.-mjesto.jpg 800w, https:\/\/www.murtila.eu\/wp-content\/uploads\/2022\/01\/renato-3.-mjesto-300x199.jpg 300w, https:\/\/www.murtila.eu\/wp-content\/uploads\/2022\/01\/renato-3.-mjesto-768x509.jpg 768w, https:\/\/www.murtila.eu\/wp-content\/uploads\/2022\/01\/renato-3.-mjesto-18x12.jpg 18w\" sizes=\"auto, (max-width: 800px) 100vw, 800px\" \/><figcaption class=\"blocks-gallery-item__caption\">3rd place<\/figcaption><\/figure><\/li><li class=\"blocks-gallery-item\"><figure><img loading=\"lazy\" decoding=\"async\" width=\"800\" height=\"600\" src=\"http:\/\/www.murtila.eu\/wp-content\/uploads\/2022\/01\/1.-mjesto-Racetinovac2.jpg\" alt=\"\" data-id=\"136\" data-full-url=\"http:\/\/www.murtila.eu\/wp-content\/uploads\/2022\/01\/1.-mjesto-Racetinovac2.jpg\" data-link=\"https:\/\/www.murtila.eu\/domaci-projekti\/fotonatjecanje\/olympus-digital-camera-2\/\" class=\"wp-image-136\" srcset=\"https:\/\/www.murtila.eu\/wp-content\/uploads\/2022\/01\/1.-mjesto-Racetinovac2.jpg 800w, https:\/\/www.murtila.eu\/wp-content\/uploads\/2022\/01\/1.-mjesto-Racetinovac2-300x225.jpg 300w, https:\/\/www.murtila.eu\/wp-content\/uploads\/2022\/01\/1.-mjesto-Racetinovac2-768x576.jpg 768w, https:\/\/www.murtila.eu\/wp-content\/uploads\/2022\/01\/1.-mjesto-Racetinovac2-16x12.jpg 16w, https:\/\/www.murtila.eu\/wp-content\/uploads\/2022\/01\/1.-mjesto-Racetinovac2-400x300.jpg 400w\" sizes=\"auto, (max-width: 800px) 100vw, 800px\" \/><figcaption class=\"blocks-gallery-item__caption\">1st place<\/figcaption><\/figure><\/li><\/ul><\/figure>\n\n\n\n<figure class=\"wp-block-gallery columns-3 is-cropped wp-block-gallery-2 is-layout-flex wp-block-gallery-is-layout-flex\"><ul class=\"blocks-gallery-grid\"><li class=\"blocks-gallery-item\"><figure><img loading=\"lazy\" decoding=\"async\" width=\"768\" height=\"1024\" src=\"http:\/\/www.murtila.eu\/wp-content\/uploads\/2022\/01\/2.-mjesto-im-768x1024.jpg\" alt=\"\" data-id=\"138\" data-full-url=\"http:\/\/www.murtila.eu\/wp-content\/uploads\/2022\/01\/2.-mjesto-im.jpg\" data-link=\"https:\/\/www.murtila.eu\/domaci-projekti\/fotonatjecanje\/2-mjesto-im\/\" class=\"wp-image-138\" srcset=\"https:\/\/www.murtila.eu\/wp-content\/uploads\/2022\/01\/2.-mjesto-im-768x1024.jpg 768w, https:\/\/www.murtila.eu\/wp-content\/uploads\/2022\/01\/2.-mjesto-im-225x300.jpg 225w, https:\/\/www.murtila.eu\/wp-content\/uploads\/2022\/01\/2.-mjesto-im-9x12.jpg 9w, https:\/\/www.murtila.eu\/wp-content\/uploads\/2022\/01\/2.-mjesto-im.jpg 800w\" sizes=\"auto, (max-width: 768px) 100vw, 768px\" \/><figcaption class=\"blocks-gallery-item__caption\">2nd place<\/figcaption><\/figure><\/li><li class=\"blocks-gallery-item\"><figure><img loading=\"lazy\" decoding=\"async\" width=\"600\" height=\"800\" src=\"http:\/\/www.murtila.eu\/wp-content\/uploads\/2022\/01\/2.-mjesto-bush.jpg\" alt=\"\" data-id=\"137\" data-full-url=\"http:\/\/www.murtila.eu\/wp-content\/uploads\/2022\/01\/2.-mjesto-bush.jpg\" data-link=\"https:\/\/www.murtila.eu\/domaci-projekti\/fotonatjecanje\/2-mjesto-bush\/\" class=\"wp-image-137\" srcset=\"https:\/\/www.murtila.eu\/wp-content\/uploads\/2022\/01\/2.-mjesto-bush.jpg 600w, https:\/\/www.murtila.eu\/wp-content\/uploads\/2022\/01\/2.-mjesto-bush-225x300.jpg 225w, https:\/\/www.murtila.eu\/wp-content\/uploads\/2022\/01\/2.-mjesto-bush-9x12.jpg 9w\" sizes=\"auto, (max-width: 600px) 100vw, 600px\" \/><figcaption class=\"blocks-gallery-item__caption\">2nd place<\/figcaption><\/figure><\/li><li class=\"blocks-gallery-item\"><figure><img loading=\"lazy\" decoding=\"async\" width=\"500\" height=\"667\" src=\"http:\/\/www.murtila.eu\/wp-content\/uploads\/2022\/01\/1-mjesto.jpg\" alt=\"\" data-id=\"135\" data-full-url=\"http:\/\/www.murtila.eu\/wp-content\/uploads\/2022\/01\/1-mjesto.jpg\" data-link=\"https:\/\/www.murtila.eu\/domaci-projekti\/fotonatjecanje\/1-mjesto\/\" class=\"wp-image-135\" srcset=\"https:\/\/www.murtila.eu\/wp-content\/uploads\/2022\/01\/1-mjesto.jpg 500w, https:\/\/www.murtila.eu\/wp-content\/uploads\/2022\/01\/1-mjesto-225x300.jpg 225w, https:\/\/www.murtila.eu\/wp-content\/uploads\/2022\/01\/1-mjesto-9x12.jpg 9w\" sizes=\"auto, (max-width: 500px) 100vw, 500px\" \/><figcaption class=\"blocks-gallery-item__caption\">1st place<\/figcaption><\/figure><\/li><\/ul><\/figure>\n\n\n\n<h2 class=\"wp-block-heading\">First Photo competition<\/h2>\n\n\n\n<div class=\"wp-block-image\"><figure class=\"aligncenter size-full\"><img loading=\"lazy\" decoding=\"async\" width=\"600\" height=\"849\" src=\"https:\/\/www.murtila.eu\/wp-content\/uploads\/2022\/01\/foto-natjecaj-plakat.jpg\" alt=\"\" class=\"wp-image-155\" srcset=\"https:\/\/www.murtila.eu\/wp-content\/uploads\/2022\/01\/foto-natjecaj-plakat.jpg 600w, https:\/\/www.murtila.eu\/wp-content\/uploads\/2022\/01\/foto-natjecaj-plakat-212x300.jpg 212w, https:\/\/www.murtila.eu\/wp-content\/uploads\/2022\/01\/foto-natjecaj-plakat-8x12.jpg 8w\" sizes=\"auto, (max-width: 600px) 100vw, 600px\" \/><\/figure><\/div>\n\n\n\n<p>1st place Ivano Herceg<br>2nd place Renato Bareta<br>3rd place Vesna Josipovi\u0107<\/p>\n\n\n\n<figure class=\"wp-block-gallery columns-3 is-cropped wp-block-gallery-3 is-layout-flex wp-block-gallery-is-layout-flex\"><ul class=\"blocks-gallery-grid\"><li class=\"blocks-gallery-item\"><figure><img loading=\"lazy\" decoding=\"async\" width=\"800\" height=\"533\" src=\"https:\/\/www.murtila.eu\/wp-content\/uploads\/2022\/01\/renato-2-mjesto-FUMIJAxyz.jpg\" alt=\"\" data-id=\"128\" data-full-url=\"https:\/\/www.murtila.eu\/wp-content\/uploads\/2022\/01\/renato-2-mjesto-FUMIJAxyz.jpg\" data-link=\"https:\/\/www.murtila.eu\/domaci-projekti\/fotonatjecanje\/renato-2-mjesto-fumijaxyz\/\" class=\"wp-image-128\" srcset=\"https:\/\/www.murtila.eu\/wp-content\/uploads\/2022\/01\/renato-2-mjesto-FUMIJAxyz.jpg 800w, https:\/\/www.murtila.eu\/wp-content\/uploads\/2022\/01\/renato-2-mjesto-FUMIJAxyz-300x200.jpg 300w, https:\/\/www.murtila.eu\/wp-content\/uploads\/2022\/01\/renato-2-mjesto-FUMIJAxyz-768x512.jpg 768w, https:\/\/www.murtila.eu\/wp-content\/uploads\/2022\/01\/renato-2-mjesto-FUMIJAxyz-18x12.jpg 18w\" sizes=\"auto, (max-width: 800px) 100vw, 800px\" \/><figcaption class=\"blocks-gallery-item__caption\">2nd place<\/figcaption><\/figure><\/li><li class=\"blocks-gallery-item\"><figure><img loading=\"lazy\" decoding=\"async\" width=\"800\" height=\"534\" src=\"https:\/\/www.murtila.eu\/wp-content\/uploads\/2022\/01\/Skrivene-Okruske-ljepote-Ivano-Herceg.jpg\" alt=\"\" data-id=\"129\" data-full-url=\"https:\/\/www.murtila.eu\/wp-content\/uploads\/2022\/01\/Skrivene-Okruske-ljepote-Ivano-Herceg.jpg\" data-link=\"https:\/\/www.murtila.eu\/domaci-projekti\/fotonatjecanje\/skrivene-okruske-ljepote-ivano-herceg\/\" class=\"wp-image-129\" srcset=\"https:\/\/www.murtila.eu\/wp-content\/uploads\/2022\/01\/Skrivene-Okruske-ljepote-Ivano-Herceg.jpg 800w, https:\/\/www.murtila.eu\/wp-content\/uploads\/2022\/01\/Skrivene-Okruske-ljepote-Ivano-Herceg-300x200.jpg 300w, https:\/\/www.murtila.eu\/wp-content\/uploads\/2022\/01\/Skrivene-Okruske-ljepote-Ivano-Herceg-768x513.jpg 768w, https:\/\/www.murtila.eu\/wp-content\/uploads\/2022\/01\/Skrivene-Okruske-ljepote-Ivano-Herceg-18x12.jpg 18w\" sizes=\"auto, (max-width: 800px) 100vw, 800px\" \/><figcaption class=\"blocks-gallery-item__caption\">Skrivene Okru\u0161ke ljepote &#8211; Ivano Herceg<\/figcaption><\/figure><\/li><li class=\"blocks-gallery-item\"><figure><img loading=\"lazy\" decoding=\"async\" width=\"800\" height=\"600\" src=\"https:\/\/www.murtila.eu\/wp-content\/uploads\/2022\/01\/Vesna-Aloa-Vera-u-mojem-vrtu.jpg\" alt=\"\" data-id=\"130\" data-full-url=\"https:\/\/www.murtila.eu\/wp-content\/uploads\/2022\/01\/Vesna-Aloa-Vera-u-mojem-vrtu.jpg\" data-link=\"https:\/\/www.murtila.eu\/domaci-projekti\/fotonatjecanje\/olympus-digital-camera\/\" class=\"wp-image-130\" srcset=\"https:\/\/www.murtila.eu\/wp-content\/uploads\/2022\/01\/Vesna-Aloa-Vera-u-mojem-vrtu.jpg 800w, https:\/\/www.murtila.eu\/wp-content\/uploads\/2022\/01\/Vesna-Aloa-Vera-u-mojem-vrtu-300x225.jpg 300w, https:\/\/www.murtila.eu\/wp-content\/uploads\/2022\/01\/Vesna-Aloa-Vera-u-mojem-vrtu-768x576.jpg 768w, https:\/\/www.murtila.eu\/wp-content\/uploads\/2022\/01\/Vesna-Aloa-Vera-u-mojem-vrtu-16x12.jpg 16w, https:\/\/www.murtila.eu\/wp-content\/uploads\/2022\/01\/Vesna-Aloa-Vera-u-mojem-vrtu-400x300.jpg 400w\" sizes=\"auto, (max-width: 800px) 100vw, 800px\" \/><figcaption class=\"blocks-gallery-item__caption\">Vesna Josipovi\u0107: Aloa Vera (u mojem vrtu)<\/figcaption><\/figure><\/li><li class=\"blocks-gallery-item\"><figure><img loading=\"lazy\" decoding=\"async\" width=\"800\" height=\"533\" src=\"https:\/\/www.murtila.eu\/wp-content\/uploads\/2022\/01\/pobjednik-1.-natjecanja-Ivano-Herceg.jpg\" alt=\"\" data-id=\"131\" data-full-url=\"https:\/\/www.murtila.eu\/wp-content\/uploads\/2022\/01\/pobjednik-1.-natjecanja-Ivano-Herceg.jpg\" data-link=\"https:\/\/www.murtila.eu\/domaci-projekti\/fotonatjecanje\/pobjednik-1-natjecanja-ivano-herceg\/\" class=\"wp-image-131\" srcset=\"https:\/\/www.murtila.eu\/wp-content\/uploads\/2022\/01\/pobjednik-1.-natjecanja-Ivano-Herceg.jpg 800w, https:\/\/www.murtila.eu\/wp-content\/uploads\/2022\/01\/pobjednik-1.-natjecanja-Ivano-Herceg-300x200.jpg 300w, https:\/\/www.murtila.eu\/wp-content\/uploads\/2022\/01\/pobjednik-1.-natjecanja-Ivano-Herceg-768x512.jpg 768w, https:\/\/www.murtila.eu\/wp-content\/uploads\/2022\/01\/pobjednik-1.-natjecanja-Ivano-Herceg-18x12.jpg 18w\" sizes=\"auto, (max-width: 800px) 100vw, 800px\" \/><figcaption class=\"blocks-gallery-item__caption\">winner of the 1st competition Ivano Herceg<\/figcaption><\/figure><\/li><\/ul><\/figure>\n\n\n\n<p><\/p>","protected":false},"excerpt":{"rendered":"<p>&#8220;Skrivene Okru\u0161ke ljepote&#8221;&nbsp;&nbsp;je foto natje\u010daj namijenjen djeci&nbsp; i mladima,&nbsp; umjetnicima i amaterima, turistima i lokalnom stanovni\u0161tvu, a cilj mu je potaknuti natjecatelje da promotre Okru\u0161ki kraj, uo\u010de skrivene ljepote i potaknu na kreativnost i razmi\u0161ljanje&nbsp; o zanimljivostima ovog mjesta na poluotoku \u010ciovu, udaljenom samo nekoliko kilometara od anti\u010dkog Trogira koji privla\u010di brojne turiste. Foto natje\u010daj [&hellip;]<\/p>","protected":false},"author":1,"featured_media":0,"parent":37,"menu_order":20,"comment_status":"closed","ping_status":"closed","template":"","meta":{"site-sidebar-layout":"default","site-content-layout":"","ast-site-content-layout":"","site-content-style":"default","site-sidebar-style":"default","ast-global-header-display":"","ast-banner-title-visibility":"","ast-main-header-display":"","ast-hfb-above-header-display":"","ast-hfb-below-header-display":"","ast-hfb-mobile-header-display":"","site-post-title":"","ast-breadcrumbs-content":"","ast-featured-img":"","footer-sml-layout":"","theme-transparent-header-meta":"","adv-header-id-meta":"","stick-header-meta":"","header-above-stick-meta":"","header-main-stick-meta":"","header-below-stick-meta":"","astra-migrate-meta-layouts":"default","ast-page-background-enabled":"default","ast-page-background-meta":{"desktop":{"background-color":"var(--ast-global-color-4)","background-image":"","background-repeat":"repeat","background-position":"center center","background-size":"auto","background-attachment":"scroll","background-type":"","background-media":"","overlay-type":"","overlay-color":"","overlay-opacity":"","overlay-gradient":""},"tablet":{"background-color":"","background-image":"","background-repeat":"repeat","background-position":"center center","background-size":"auto","background-attachment":"scroll","background-type":"","background-media":"","overlay-type":"","overlay-color":"","overlay-opacity":"","overlay-gradient":""},"mobile":{"background-color":"","background-image":"","background-repeat":"repeat","background-position":"center center","background-size":"auto","background-attachment":"scroll","background-type":"","background-media":"","overlay-type":"","overlay-color":"","overlay-opacity":"","overlay-gradient":""}},"ast-content-background-meta":{"desktop":{"background-color":"var(--ast-global-color-5)","background-image":"","background-repeat":"repeat","background-position":"center center","background-size":"auto","background-attachment":"scroll","background-type":"","background-media":"","overlay-type":"","overlay-color":"","overlay-opacity":"","overlay-gradient":""},"tablet":{"background-color":"var(--ast-global-color-5)","background-image":"","background-repeat":"repeat","background-position":"center center","background-size":"auto","background-attachment":"scroll","background-type":"","background-media":"","overlay-type":"","overlay-color":"","overlay-opacity":"","overlay-gradient":""},"mobile":{"background-color":"var(--ast-global-color-5)","background-image":"","background-repeat":"repeat","background-position":"center center","background-size":"auto","background-attachment":"scroll","background-type":"","background-media":"","overlay-type":"","overlay-color":"","overlay-opacity":"","overlay-gradient":""}},"footnotes":""},"class_list":["post-123","page","type-page","status-publish","hentry"],"_links":{"self":[{"href":"https:\/\/www.murtila.eu\/en\/wp-json\/wp\/v2\/pages\/123","targetHints":{"allow":["GET"]}}],"collection":[{"href":"https:\/\/www.murtila.eu\/en\/wp-json\/wp\/v2\/pages"}],"about":[{"href":"https:\/\/www.murtila.eu\/en\/wp-json\/wp\/v2\/types\/page"}],"author":[{"embeddable":true,"href":"https:\/\/www.murtila.eu\/en\/wp-json\/wp\/v2\/users\/1"}],"replies":[{"embeddable":true,"href":"https:\/\/www.murtila.eu\/en\/wp-json\/wp\/v2\/comments?post=123"}],"version-history":[{"count":14,"href":"https:\/\/www.murtila.eu\/en\/wp-json\/wp\/v2\/pages\/123\/revisions"}],"predecessor-version":[{"id":164,"href":"https:\/\/www.murtila.eu\/en\/wp-json\/wp\/v2\/pages\/123\/revisions\/164"}],"up":[{"embeddable":true,"href":"https:\/\/www.murtila.eu\/en\/wp-json\/wp\/v2\/pages\/37"}],"wp:attachment":[{"href":"https:\/\/www.murtila.eu\/en\/wp-json\/wp\/v2\/media?parent=123"}],"curies":[{"name":"wp","href":"https:\/\/api.w.org\/{rel}","templated":true}]}}