{"id":204,"date":"2022-01-26T15:08:49","date_gmt":"2022-01-26T14:08:49","guid":{"rendered":"https:\/\/www.murtila.eu\/?page_id=204"},"modified":"2022-01-26T15:15:34","modified_gmt":"2022-01-26T14:15:34","slug":"razvoj-publike-2020","status":"publish","type":"page","link":"https:\/\/www.murtila.eu\/en\/domaci-projekti\/razvoj-publike-2020\/","title":{"rendered":"Audience Development 2020"},"content":{"rendered":"<p>Murtila Association is a collaborator on the project \"Poco Loco Theater in the community\", which was initiated by the Poco Loco Theater. Association Murtila is an associate for the area of \u200b\u200bLAG Una, especially the Municipality of Dvor and the Municipality of Majur, and DV Duga Resa for the area of \u200b\u200bDuga Resa.<\/p>\n\n\n\n<p>The project is financed by <strong><a href=\"https:\/\/min-kulture.gov.hr\/\" target=\"_blank\" rel=\"noreferrer noopener\">Ministry of Culture of the Republic of Croatia<\/a><\/strong> - through the Audience Development 2020 program.<\/p>\n\n\n\n<div class=\"wp-block-image\"><figure class=\"alignleft size-full\"><a href=\"https:\/\/min-kulture.gov.hr\/\" target=\"_blank\" rel=\"noopener\"><img loading=\"lazy\" decoding=\"async\" width=\"275\" height=\"183\" src=\"https:\/\/www.murtila.eu\/wp-content\/uploads\/2022\/01\/min-kult-logo.png\" alt=\"\" class=\"wp-image-205\" srcset=\"https:\/\/www.murtila.eu\/wp-content\/uploads\/2022\/01\/min-kult-logo.png 275w, https:\/\/www.murtila.eu\/wp-content\/uploads\/2022\/01\/min-kult-logo-18x12.png 18w\" sizes=\"auto, (max-width: 275px) 100vw, 275px\" \/><\/a><\/figure><\/div>","protected":false},"excerpt":{"rendered":"<p>Udruga Murtila suradnik je na projektu &#8220;Teatar Poco Loco u zajednici&#8221;, a koji je iniciran od strane Teatra Poco Loco. Udruga Murtila suradnik je za podru\u010dje LAG-a Una, posebno Op\u0107ine Dvor i Op\u0107ine Majur, a DV Duga Resa za podru\u010dje Duge Rese. Projekt je financiran od strane Ministarstva kulture RH &#8211; kroz program Razvoj publike [&hellip;]<\/p>","protected":false},"author":1,"featured_media":0,"parent":37,"menu_order":30,"comment_status":"closed","ping_status":"closed","template":"","meta":{"site-sidebar-layout":"default","site-content-layout":"","ast-site-content-layout":"","site-content-style":"default","site-sidebar-style":"default","ast-global-header-display":"","ast-banner-title-visibility":"","ast-main-header-display":"","ast-hfb-above-header-display":"","ast-hfb-below-header-display":"","ast-hfb-mobile-header-display":"","site-post-title":"","ast-breadcrumbs-content":"","ast-featured-img":"","footer-sml-layout":"","theme-transparent-header-meta":"","adv-header-id-meta":"","stick-header-meta":"","header-above-stick-meta":"","header-main-stick-meta":"","header-below-stick-meta":"","astra-migrate-meta-layouts":"default","ast-page-background-enabled":"default","ast-page-background-meta":{"desktop":{"background-color":"var(--ast-global-color-4)","background-image":"","background-repeat":"repeat","background-position":"center center","background-size":"auto","background-attachment":"scroll","background-type":"","background-media":"","overlay-type":"","overlay-color":"","overlay-opacity":"","overlay-gradient":""},"tablet":{"background-color":"","background-image":"","background-repeat":"repeat","background-position":"center center","background-size":"auto","background-attachment":"scroll","background-type":"","background-media":"","overlay-type":"","overlay-color":"","overlay-opacity":"","overlay-gradient":""},"mobile":{"background-color":"","background-image":"","background-repeat":"repeat","background-position":"center center","background-size":"auto","background-attachment":"scroll","background-type":"","background-media":"","overlay-type":"","overlay-color":"","overlay-opacity":"","overlay-gradient":""}},"ast-content-background-meta":{"desktop":{"background-color":"var(--ast-global-color-5)","background-image":"","background-repeat":"repeat","background-position":"center center","background-size":"auto","background-attachment":"scroll","background-type":"","background-media":"","overlay-type":"","overlay-color":"","overlay-opacity":"","overlay-gradient":""},"tablet":{"background-color":"var(--ast-global-color-5)","background-image":"","background-repeat":"repeat","background-position":"center center","background-size":"auto","background-attachment":"scroll","background-type":"","background-media":"","overlay-type":"","overlay-color":"","overlay-opacity":"","overlay-gradient":""},"mobile":{"background-color":"var(--ast-global-color-5)","background-image":"","background-repeat":"repeat","background-position":"center center","background-size":"auto","background-attachment":"scroll","background-type":"","background-media":"","overlay-type":"","overlay-color":"","overlay-opacity":"","overlay-gradient":""}},"footnotes":""},"class_list":["post-204","page","type-page","status-publish","hentry"],"_links":{"self":[{"href":"https:\/\/www.murtila.eu\/en\/wp-json\/wp\/v2\/pages\/204","targetHints":{"allow":["GET"]}}],"collection":[{"href":"https:\/\/www.murtila.eu\/en\/wp-json\/wp\/v2\/pages"}],"about":[{"href":"https:\/\/www.murtila.eu\/en\/wp-json\/wp\/v2\/types\/page"}],"author":[{"embeddable":true,"href":"https:\/\/www.murtila.eu\/en\/wp-json\/wp\/v2\/users\/1"}],"replies":[{"embeddable":true,"href":"https:\/\/www.murtila.eu\/en\/wp-json\/wp\/v2\/comments?post=204"}],"version-history":[{"count":5,"href":"https:\/\/www.murtila.eu\/en\/wp-json\/wp\/v2\/pages\/204\/revisions"}],"predecessor-version":[{"id":211,"href":"https:\/\/www.murtila.eu\/en\/wp-json\/wp\/v2\/pages\/204\/revisions\/211"}],"up":[{"embeddable":true,"href":"https:\/\/www.murtila.eu\/en\/wp-json\/wp\/v2\/pages\/37"}],"wp:attachment":[{"href":"https:\/\/www.murtila.eu\/en\/wp-json\/wp\/v2\/media?parent=204"}],"curies":[{"name":"wp","href":"https:\/\/api.w.org\/{rel}","templated":true}]}}