{"id":255,"date":"2023-02-15T18:46:52","date_gmt":"2023-02-15T17:46:52","guid":{"rendered":"http:\/\/www.murtila.eu\/?page_id=255"},"modified":"2025-01-07T16:14:59","modified_gmt":"2025-01-07T15:14:59","slug":"green-genesis-startup","status":"publish","type":"page","link":"https:\/\/www.murtila.eu\/en\/europski-projekti\/green-genesis-startup\/","title":{"rendered":"Green Genesis Startup"},"content":{"rendered":"<figure class=\"wp-block-image size-full is-resized\"><img loading=\"lazy\" decoding=\"async\" width=\"1000\" height=\"1000\" src=\"http:\/\/www.murtila.eu\/wp-content\/uploads\/2023\/02\/79136669_padded_logo.png\" alt=\"\" class=\"wp-image-256\" style=\"width:110px;height:110px\" srcset=\"https:\/\/www.murtila.eu\/wp-content\/uploads\/2023\/02\/79136669_padded_logo.png 1000w, https:\/\/www.murtila.eu\/wp-content\/uploads\/2023\/02\/79136669_padded_logo-300x300.png 300w, https:\/\/www.murtila.eu\/wp-content\/uploads\/2023\/02\/79136669_padded_logo-150x150.png 150w, https:\/\/www.murtila.eu\/wp-content\/uploads\/2023\/02\/79136669_padded_logo-768x768.png 768w, https:\/\/www.murtila.eu\/wp-content\/uploads\/2023\/02\/79136669_padded_logo-12x12.png 12w\" sizes=\"auto, (max-width: 1000px) 100vw, 1000px\" \/><\/figure>\n\n\n\n<p>Glavni cilj projekta je stvoriti \u201ezelene mlade poduzetnike\u201c s jedne strane i osposobiti mlade ljude vje\u0161tinama i znanjima o mogu\u0107nostima zapo\u0161ljavanja unutar zelene ekonomije s druge strane. Cilj \u0107e se posti\u0107i kroz prakti\u010dna rje\u0161enja: ja\u010danje kapaciteta partnerskih organizacija, osmi\u0161ljavanje otvorenog, inovativnog i ubrzanog obrazovnog programa za zelene i poduzetni\u010dke vje\u0161tine te mentorstva. <\/p>\n\n\n\n<p>Specifi\u010dni ciljevi:<br>\u2013 Razviti program otvorenih inovacija koji \u0107e mlade ljude osposobiti vje\u0161tinama i znanjima u podru\u010djima zelena ekonomije i poduzetni\u0161tva<br>\u2013 Osposobiti mlade za specifi\u010dne zelene i poduzetni\u010dke vje\u0161tine.<br>\u2013 Kreirati online mentorsku platformu za mlade kojima \u0107e trebati podr\u0161ka u daljnjem razvoju poslovnih ideja u zelenom sektoru<br>\u2013 Uspostaviti uspje\u0161ne mentorske odnose izme\u0111u mladih i mentora u zelenom gospodarstvu<\/p>\n\n\n\n<p>Rezultati projekta<br>Istra\u017eiva\u010dka bro\u0161ura o poduzetni\u0161tvu i zelenim vje\u0161tinama, prijevod bro\u0161ure na sve jezike partnera, istra\u017eivanje dobrih praksi, razvoj inovativnog programa, provedba aktivnosti (treninga)  u svakoj zemlji, otkrivanje potencijalnih mentora,  razvoj web platforme, promocija i pokretanje edukativne platforme s online te\u010dajem na kraju kojeg se izdaje certifikat o zavr\u0161enom programu. <\/p>\n\n\n\n<p>Tema: Mladi, poduzetni\u0161tvo i start-up poduze\u0107a<br>Program: Erasmus+<br>Sektor : Mladi<br>ID projekta: 2021-1-RO01-KA220-YOU-000028678<br>Web stranica: https:\/\/greengenesis.eu<br>Po\u010detak: 15.01.2022.<br>Zavr\u0161etak: 14.01.2024.<\/p>\n\n\n\n<p>Novi &#8220;zeleni&#8221; poduzetnici:<\/p>\n\n\n\n<p>\u2013 pove\u0107anje njihovih kompetencija za jednostavno pronala\u017eenje kvalitetnih radnih mjesta;<br>\u2013 prilika mladima za online mentorstvo poslovnih stru\u010dnjaka te napredovanje u karijeri i pove\u0107anje \u0161anse da postanu poduzetnici ili stje\u010du kvalitetne i potrebne zelene vje\u0161tine;<br>\u2013 poslovni, obrazovni, neprofitni i javni sektor (rad s mladima) imat \u0107e priliku vidjeti utjecaj inovativnog obrazovnog Acceleration programa, metode kreiranja programa podr\u0161ke za poticanje zelenog poduzetni\u0161tva i otvaranje radnih mjesta za mlade u zelenim industrijama \u010dime se pridonosi smanjenju stope nezaposlenosti;<br>\u2013 privu\u0107i mlade ljude u zeleno poduzetni\u0161tvo<br>\u2013 ponuditi uskla\u0111enije  nastavne planove i programe na strukovnoj neformalnoj razini obrazovanja. <\/p>\n\n\n\n<p>Na kraju ovog projekta mladi \u0107e ste\u0107i &#8220;zelena&#8221; znanja i vje\u0161tine za pokretanje vlastitog posla ili pronalazak posla u zelenom sektoru; novi i postoje\u0107i poduzetnici \u0107e od mentora dobiti prakti\u010dne savjete za pokretanje poslovanja u zelenom sektoru ili transformaciju postoje\u0107eg poslovanja prema zelenim praksama; partnerske organizacije iz razli\u010ditih sektora stvorit \u0107e testiran edukacijski program za zelene i poduzetni\u010dke vje\u0161tine za mlade, te\u010daj koji \u0107e mo\u0107i koristiti kod obrazovanja mladih u stalnoj ponudi obrazovnih programa.<\/p>\n\n\n\n<p>\u200b<\/p>","protected":false},"excerpt":{"rendered":"<p>Glavni cilj projekta je stvoriti \u201ezelene mlade poduzetnike\u201c s jedne strane i osposobiti mlade ljude vje\u0161tinama i znanjima o mogu\u0107nostima zapo\u0161ljavanja unutar zelene ekonomije s druge strane. Cilj \u0107e se posti\u0107i kroz prakti\u010dna rje\u0161enja: ja\u010danje kapaciteta partnerskih organizacija, osmi\u0161ljavanje otvorenog, inovativnog i ubrzanog obrazovnog programa za zelene i poduzetni\u010dke vje\u0161tine te mentorstva. Specifi\u010dni ciljevi:\u2013 Razviti [&hellip;]<\/p>","protected":false},"author":2,"featured_media":0,"parent":35,"menu_order":3,"comment_status":"closed","ping_status":"closed","template":"","meta":{"site-sidebar-layout":"default","site-content-layout":"","ast-site-content-layout":"default","site-content-style":"default","site-sidebar-style":"default","ast-global-header-display":"","ast-banner-title-visibility":"","ast-main-header-display":"","ast-hfb-above-header-display":"","ast-hfb-below-header-display":"","ast-hfb-mobile-header-display":"","site-post-title":"","ast-breadcrumbs-content":"","ast-featured-img":"","footer-sml-layout":"","theme-transparent-header-meta":"","adv-header-id-meta":"","stick-header-meta":"","header-above-stick-meta":"","header-main-stick-meta":"","header-below-stick-meta":"","astra-migrate-meta-layouts":"set","ast-page-background-enabled":"default","ast-page-background-meta":{"desktop":{"background-color":"var(--ast-global-color-4)","background-image":"","background-repeat":"repeat","background-position":"center center","background-size":"auto","background-attachment":"scroll","background-type":"","background-media":"","overlay-type":"","overlay-color":"","overlay-gradient":""},"tablet":{"background-color":"","background-image":"","background-repeat":"repeat","background-position":"center center","background-size":"auto","background-attachment":"scroll","background-type":"","background-media":"","overlay-type":"","overlay-color":"","overlay-gradient":""},"mobile":{"background-color":"","background-image":"","background-repeat":"repeat","background-position":"center center","background-size":"auto","background-attachment":"scroll","background-type":"","background-media":"","overlay-type":"","overlay-color":"","overlay-gradient":""}},"ast-content-background-meta":{"desktop":{"background-color":"var(--ast-global-color-5)","background-image":"","background-repeat":"repeat","background-position":"center center","background-size":"auto","background-attachment":"scroll","background-type":"","background-media":"","overlay-type":"","overlay-color":"","overlay-gradient":""},"tablet":{"background-color":"var(--ast-global-color-5)","background-image":"","background-repeat":"repeat","background-position":"center center","background-size":"auto","background-attachment":"scroll","background-type":"","background-media":"","overlay-type":"","overlay-color":"","overlay-gradient":""},"mobile":{"background-color":"var(--ast-global-color-5)","background-image":"","background-repeat":"repeat","background-position":"center center","background-size":"auto","background-attachment":"scroll","background-type":"","background-media":"","overlay-type":"","overlay-color":"","overlay-gradient":""}},"footnotes":""},"class_list":["post-255","page","type-page","status-publish","hentry"],"_links":{"self":[{"href":"https:\/\/www.murtila.eu\/en\/wp-json\/wp\/v2\/pages\/255","targetHints":{"allow":["GET"]}}],"collection":[{"href":"https:\/\/www.murtila.eu\/en\/wp-json\/wp\/v2\/pages"}],"about":[{"href":"https:\/\/www.murtila.eu\/en\/wp-json\/wp\/v2\/types\/page"}],"author":[{"embeddable":true,"href":"https:\/\/www.murtila.eu\/en\/wp-json\/wp\/v2\/users\/2"}],"replies":[{"embeddable":true,"href":"https:\/\/www.murtila.eu\/en\/wp-json\/wp\/v2\/comments?post=255"}],"version-history":[{"count":3,"href":"https:\/\/www.murtila.eu\/en\/wp-json\/wp\/v2\/pages\/255\/revisions"}],"predecessor-version":[{"id":394,"href":"https:\/\/www.murtila.eu\/en\/wp-json\/wp\/v2\/pages\/255\/revisions\/394"}],"up":[{"embeddable":true,"href":"https:\/\/www.murtila.eu\/en\/wp-json\/wp\/v2\/pages\/35"}],"wp:attachment":[{"href":"https:\/\/www.murtila.eu\/en\/wp-json\/wp\/v2\/media?parent=255"}],"curies":[{"name":"wp","href":"https:\/\/api.w.org\/{rel}","templated":true}]}}