{"id":403,"date":"2025-11-03T06:34:34","date_gmt":"2025-11-03T05:34:34","guid":{"rendered":"http:\/\/www.murtila.eu\/?page_id=403"},"modified":"2025-11-03T06:53:07","modified_gmt":"2025-11-03T05:53:07","slug":"otok-velikih-prica","status":"publish","type":"page","link":"https:\/\/www.murtila.eu\/en\/otok-velikih-prica\/","title":{"rendered":"Otok velikih pri\u010da"},"content":{"rendered":"<p>\u2013 kreativna putovanja kroz ekologiju, tradiciju i sport<\/p>\n\n\n\n<figure class=\"wp-block-image size-large is-resized\"><img loading=\"lazy\" decoding=\"async\" width=\"724\" height=\"1024\" src=\"http:\/\/www.murtila.eu\/wp-content\/uploads\/2025\/11\/Otok-plakat-724x1024.jpg\" alt=\"\" class=\"wp-image-406\" style=\"width:234px;height:auto\" srcset=\"https:\/\/www.murtila.eu\/wp-content\/uploads\/2025\/11\/Otok-plakat-724x1024.jpg 724w, https:\/\/www.murtila.eu\/wp-content\/uploads\/2025\/11\/Otok-plakat-212x300.jpg 212w, https:\/\/www.murtila.eu\/wp-content\/uploads\/2025\/11\/Otok-plakat-768x1086.jpg 768w, https:\/\/www.murtila.eu\/wp-content\/uploads\/2025\/11\/Otok-plakat-1086x1536.jpg 1086w, https:\/\/www.murtila.eu\/wp-content\/uploads\/2025\/11\/Otok-plakat-1448x2048.jpg 1448w, https:\/\/www.murtila.eu\/wp-content\/uploads\/2025\/11\/Otok-plakat-8x12.jpg 8w, https:\/\/www.murtila.eu\/wp-content\/uploads\/2025\/11\/Otok-plakat-scaled.jpg 1810w\" sizes=\"auto, (max-width: 724px) 100vw, 724px\" \/><\/figure>\n\n\n\n<p>Projekt <strong>\u201eOtok velikih pri\u010da \u2013 kreativna putovanja kroz ekologiju, tradiciju i sport\u201c<\/strong> povezuje tri hrvatska otoka \u2013 \u010ciovo, Hvar i Lastovo \u2013 s EU otokom-dr\u017eavom Ciprom, te kopnenim dijelom u Dvoru i Zagrebom i me\u0111unarodnim partnerima iz Rumunjske. Cilj projekta je <strong>osna\u017eiti lokalne zajednice i udruge civilnog dru\u0161tva<\/strong> kroz edukativne, kreativne i sportske aktivnosti koje promi\u010du <strong>ekologiju, odr\u017eivi razvoj i zdrav na\u010din \u017eivota<\/strong>.<\/p>\n\n\n\n<p>Kroz niz <strong>eko-radionica, sportskih i dramskih aktivnosti<\/strong>, sudionici \u2013 djeca, mladi i odrasli \u2013 razvijaju zelene vje\u0161tine, timski duh i svijest o va\u017enosti o\u010duvanja prirodne i kulturne ba\u0161tine. Projekt uklju\u010duje i me\u0111unarodnu suradnju te izradu edukativnih materijala koji \u0107e biti dostupni lokalnim \u0161kolama i zajednici.<\/p>\n\n\n\n<p>Nositelj projekta je <strong>Murtila Association<\/strong> iz Okruga Gornjeg, a partneri su <strong>Udruga Dobre Dobri\u010devi\u0107<\/strong> (Lastovo), <strong>KR\u0160G Rusulice<\/strong> (Trogir) i <strong>Udruga 4 elementa<\/strong> (Dvor). <\/p>\n\n\n\n<p>Projekt je sufinanciran sredstvima <strong>Ministarstva regionalnog razvoja i fondova Europske unije<\/strong> kroz <strong>Program razvoja civilnog dru\u0161tva na otocima 2025.<\/strong><\/p>\n\n\n\n<p><\/p>","protected":false},"excerpt":{"rendered":"<p>\u2013 kreativna putovanja kroz ekologiju, tradiciju i sport Projekt \u201eOtok velikih pri\u010da \u2013 kreativna putovanja kroz ekologiju, tradiciju i sport\u201c povezuje tri hrvatska otoka \u2013 \u010ciovo, Hvar i Lastovo \u2013 s EU otokom-dr\u017eavom Ciprom, te kopnenim dijelom u Dvoru i Zagrebom i me\u0111unarodnim partnerima iz Rumunjske. Cilj projekta je osna\u017eiti lokalne zajednice i udruge civilnog [&hellip;]<\/p>","protected":false},"author":2,"featured_media":0,"parent":0,"menu_order":5,"comment_status":"closed","ping_status":"closed","template":"","meta":{"site-sidebar-layout":"default","site-content-layout":"","ast-site-content-layout":"default","site-content-style":"default","site-sidebar-style":"default","ast-global-header-display":"","ast-banner-title-visibility":"","ast-main-header-display":"","ast-hfb-above-header-display":"","ast-hfb-below-header-display":"","ast-hfb-mobile-header-display":"","site-post-title":"","ast-breadcrumbs-content":"","ast-featured-img":"","footer-sml-layout":"","theme-transparent-header-meta":"","adv-header-id-meta":"","stick-header-meta":"","header-above-stick-meta":"","header-main-stick-meta":"","header-below-stick-meta":"","astra-migrate-meta-layouts":"set","ast-page-background-enabled":"default","ast-page-background-meta":{"desktop":{"background-color":"var(--ast-global-color-4)","background-image":"","background-repeat":"repeat","background-position":"center center","background-size":"auto","background-attachment":"scroll","background-type":"","background-media":"","overlay-type":"","overlay-color":"","overlay-opacity":"","overlay-gradient":""},"tablet":{"background-color":"","background-image":"","background-repeat":"repeat","background-position":"center center","background-size":"auto","background-attachment":"scroll","background-type":"","background-media":"","overlay-type":"","overlay-color":"","overlay-opacity":"","overlay-gradient":""},"mobile":{"background-color":"","background-image":"","background-repeat":"repeat","background-position":"center center","background-size":"auto","background-attachment":"scroll","background-type":"","background-media":"","overlay-type":"","overlay-color":"","overlay-opacity":"","overlay-gradient":""}},"ast-content-background-meta":{"desktop":{"background-color":"var(--ast-global-color-5)","background-image":"","background-repeat":"repeat","background-position":"center center","background-size":"auto","background-attachment":"scroll","background-type":"","background-media":"","overlay-type":"","overlay-color":"","overlay-opacity":"","overlay-gradient":""},"tablet":{"background-color":"var(--ast-global-color-5)","background-image":"","background-repeat":"repeat","background-position":"center center","background-size":"auto","background-attachment":"scroll","background-type":"","background-media":"","overlay-type":"","overlay-color":"","overlay-opacity":"","overlay-gradient":""},"mobile":{"background-color":"var(--ast-global-color-5)","background-image":"","background-repeat":"repeat","background-position":"center center","background-size":"auto","background-attachment":"scroll","background-type":"","background-media":"","overlay-type":"","overlay-color":"","overlay-opacity":"","overlay-gradient":""}},"footnotes":""},"class_list":["post-403","page","type-page","status-publish","hentry"],"_links":{"self":[{"href":"https:\/\/www.murtila.eu\/en\/wp-json\/wp\/v2\/pages\/403","targetHints":{"allow":["GET"]}}],"collection":[{"href":"https:\/\/www.murtila.eu\/en\/wp-json\/wp\/v2\/pages"}],"about":[{"href":"https:\/\/www.murtila.eu\/en\/wp-json\/wp\/v2\/types\/page"}],"author":[{"embeddable":true,"href":"https:\/\/www.murtila.eu\/en\/wp-json\/wp\/v2\/users\/2"}],"replies":[{"embeddable":true,"href":"https:\/\/www.murtila.eu\/en\/wp-json\/wp\/v2\/comments?post=403"}],"version-history":[{"count":4,"href":"https:\/\/www.murtila.eu\/en\/wp-json\/wp\/v2\/pages\/403\/revisions"}],"predecessor-version":[{"id":408,"href":"https:\/\/www.murtila.eu\/en\/wp-json\/wp\/v2\/pages\/403\/revisions\/408"}],"wp:attachment":[{"href":"https:\/\/www.murtila.eu\/en\/wp-json\/wp\/v2\/media?parent=403"}],"curies":[{"name":"wp","href":"https:\/\/api.w.org\/{rel}","templated":true}]}}