{"id":6,"date":"2021-05-31T18:22:42","date_gmt":"2021-05-31T17:22:42","guid":{"rendered":"http:\/\/www.murtila.eu\/?page_id=6"},"modified":"2025-04-23T15:29:00","modified_gmt":"2025-04-23T14:29:00","slug":"o-nama","status":"publish","type":"page","link":"https:\/\/www.murtila.eu\/en\/o-nama\/","title":{"rendered":"about us"},"content":{"rendered":"<p>Murtila Association was founded in 2017. with the aim of promoting, developing and improving the excellence of social, creative and cultural activities, networking all relevant factors, with an emphasis on working with young people. The field of activity is culture and art (cultural heritage, agritourism, ecotourism, performing arts, visual arts and interdisciplinary cultural activities, promotion of local identity, development of civil society and local community, international cooperation, environmental and nature protection and sustainable rural development.<\/p>\n\n\n\n<p>Murtila Association was founded by an experienced team of primarily cultural and educational workers, who as a team created, coordinated and implemented projects relevant to the theme and goals of the Association. The members of the association have many years of experience in cultural centers and non-governmental organizations, in working with young people and experience in the preparation and implementation of projects funded by the European Union.<\/p>\n\n\n\n<figure class=\"wp-block-image alignright size-large is-resized\"><img loading=\"lazy\" decoding=\"async\" width=\"200\" height=\"200\" src=\"http:\/\/www.murtila.eu\/wp-content\/uploads\/2021\/06\/logo-murtila.png\" alt=\"\" class=\"wp-image-46\" style=\"width:183px;height:183px\" srcset=\"https:\/\/www.murtila.eu\/wp-content\/uploads\/2021\/06\/logo-murtila.png 200w, https:\/\/www.murtila.eu\/wp-content\/uploads\/2021\/06\/logo-murtila-150x150.png 150w\" sizes=\"auto, (max-width: 200px) 100vw, 200px\" \/><\/figure>\n\n\n\n<p class=\"translation-block\">Join us, as a member or student \/ user at:\n<br>Murtila Association\n<br>Put diruna 36\n<br>21223 Okrug Gornji, Ciovo\n<br>info@murtila.eu<\/p>\n\n\n\n<p class=\"translation-block\">Registration form is <a rel=\"noreferrer noopener\" href=\"https:\/\/docs.google.com\/forms\/d\/e\/1FAIpQLSeqBPfUPgcX8Ie6EIKlrjQE-YkqjA_KFXcFvpDPkD4cmIdwPg\/viewform?usp=sf_link\" target=\"_blank\">HERE<\/a>!<\/p>\n\n\n\n<div class=\"wp-block-buttons is-content-justification-center is-layout-flex wp-container-core-buttons-is-layout-a89b3969 wp-block-buttons-is-layout-flex\">\n<div class=\"wp-block-button\"><a class=\"wp-block-button__link wp-element-button\" href=\"http:\/\/www.murtila.eu\/wp-content\/uploads\/2025\/04\/Politika-zastite-djece-Murtila.pdf\">Politika za\u0161tite djece Udruge Murtila (HR)<\/a><\/div>\n<\/div>\n\n\n\n<div class=\"wp-block-buttons is-content-justification-center is-layout-flex wp-container-core-buttons-is-layout-a89b3969 wp-block-buttons-is-layout-flex\">\n<div class=\"wp-block-button\"><a class=\"wp-block-button__link wp-element-button\" href=\"http:\/\/www.murtila.eu\/wp-content\/uploads\/2025\/04\/Child-Protection-Policy-of-Murtila-Association.pdf\">Child Protection Policy of Murtila Association (EN)<\/a><\/div>\n<\/div>\n\n\n\n<p><\/p>","protected":false},"excerpt":{"rendered":"<p>Udruga Murtila osnovana je 2017. godine. s ciljem promicanja, razvoja i pobolj\u0161anja izvrsnosti socijalnih, kreativnih i kulturnih aktivnosti, umre\u017eavanjem svih relevantnih \u010dimbenika, s naglaskom na radu s mladima. Podru\u010dje djelovanja je kultura i umjetnost (kulturna ba\u0161tina, agroturizam, ekoturizam, izvedbene umjetnosti, vizualne umjetnosti i interdisciplinarne kulturne aktivnosti, poticanje lokalnog identiteta, razvoj civilnog dru\u0161tva i lokalne zajednice, [&hellip;]<\/p>","protected":false},"author":1,"featured_media":0,"parent":0,"menu_order":10,"comment_status":"closed","ping_status":"closed","template":"","meta":{"site-sidebar-layout":"default","site-content-layout":"","ast-site-content-layout":"default","site-content-style":"default","site-sidebar-style":"default","ast-global-header-display":"","ast-banner-title-visibility":"","ast-main-header-display":"","ast-hfb-above-header-display":"","ast-hfb-below-header-display":"","ast-hfb-mobile-header-display":"","site-post-title":"","ast-breadcrumbs-content":"","ast-featured-img":"","footer-sml-layout":"","theme-transparent-header-meta":"","adv-header-id-meta":"","stick-header-meta":"","header-above-stick-meta":"","header-main-stick-meta":"","header-below-stick-meta":"","astra-migrate-meta-layouts":"set","ast-page-background-enabled":"default","ast-page-background-meta":{"desktop":{"background-color":"var(--ast-global-color-4)","background-image":"","background-repeat":"repeat","background-position":"center center","background-size":"auto","background-attachment":"scroll","background-type":"","background-media":"","overlay-type":"","overlay-color":"","overlay-opacity":"","overlay-gradient":""},"tablet":{"background-color":"","background-image":"","background-repeat":"repeat","background-position":"center center","background-size":"auto","background-attachment":"scroll","background-type":"","background-media":"","overlay-type":"","overlay-color":"","overlay-opacity":"","overlay-gradient":""},"mobile":{"background-color":"","background-image":"","background-repeat":"repeat","background-position":"center center","background-size":"auto","background-attachment":"scroll","background-type":"","background-media":"","overlay-type":"","overlay-color":"","overlay-opacity":"","overlay-gradient":""}},"ast-content-background-meta":{"desktop":{"background-color":"var(--ast-global-color-5)","background-image":"","background-repeat":"repeat","background-position":"center center","background-size":"auto","background-attachment":"scroll","background-type":"","background-media":"","overlay-type":"","overlay-color":"","overlay-opacity":"","overlay-gradient":""},"tablet":{"background-color":"var(--ast-global-color-5)","background-image":"","background-repeat":"repeat","background-position":"center center","background-size":"auto","background-attachment":"scroll","background-type":"","background-media":"","overlay-type":"","overlay-color":"","overlay-opacity":"","overlay-gradient":""},"mobile":{"background-color":"var(--ast-global-color-5)","background-image":"","background-repeat":"repeat","background-position":"center center","background-size":"auto","background-attachment":"scroll","background-type":"","background-media":"","overlay-type":"","overlay-color":"","overlay-opacity":"","overlay-gradient":""}},"footnotes":""},"class_list":["post-6","page","type-page","status-publish","hentry"],"_links":{"self":[{"href":"https:\/\/www.murtila.eu\/en\/wp-json\/wp\/v2\/pages\/6","targetHints":{"allow":["GET"]}}],"collection":[{"href":"https:\/\/www.murtila.eu\/en\/wp-json\/wp\/v2\/pages"}],"about":[{"href":"https:\/\/www.murtila.eu\/en\/wp-json\/wp\/v2\/types\/page"}],"author":[{"embeddable":true,"href":"https:\/\/www.murtila.eu\/en\/wp-json\/wp\/v2\/users\/1"}],"replies":[{"embeddable":true,"href":"https:\/\/www.murtila.eu\/en\/wp-json\/wp\/v2\/comments?post=6"}],"version-history":[{"count":15,"href":"https:\/\/www.murtila.eu\/en\/wp-json\/wp\/v2\/pages\/6\/revisions"}],"predecessor-version":[{"id":401,"href":"https:\/\/www.murtila.eu\/en\/wp-json\/wp\/v2\/pages\/6\/revisions\/401"}],"wp:attachment":[{"href":"https:\/\/www.murtila.eu\/en\/wp-json\/wp\/v2\/media?parent=6"}],"curies":[{"name":"wp","href":"https:\/\/api.w.org\/{rel}","templated":true}]}}