{"id":73,"date":"2022-01-23T12:08:47","date_gmt":"2022-01-23T11:08:47","guid":{"rendered":"https:\/\/www.murtila.eu\/?page_id=73"},"modified":"2022-01-23T14:48:03","modified_gmt":"2022-01-23T13:48:03","slug":"djecji-tjedan","status":"publish","type":"page","link":"https:\/\/www.murtila.eu\/en\/domaci-projekti\/djecji-tjedan\/","title":{"rendered":"Children's week"},"content":{"rendered":"<p class=\"translation-block\">The project called <strong>Children's Week<\/strong>, which is realized within the program of the <strong>Okrug Summer Evenings<\/strong>, has been held continuously since 2010. The program was implemented with the support of the Municipality of Okrug and TZ Okrug in cooperation with the National University of Dubrava, then the Association 4 image, and since 2017, when the founder of Children's Week, Maja Marohni\u0107 and her team founded the association Murtila based in Okrug Gornji, the association becomes holder and organizer of the project in partnership with the Municipality of Okrug.<\/p>\n\n\n\n<p class=\"translation-block\"><strong>Children's week<\/strong> during the <strong>Okrug Summer Evenings <\/strong>consists of theater performances and creative workshops after the performances, and large creative workshops on the beach during the day (from 10 am to 12 noon). It takes place in Okrug Gornji and Okrug Donji. The beneficiaries of the program are children and young people, domestic and foreign guests of our municipality, but also all other interested visitors and all age groups.<\/p>\n\n\n\n<p class=\"translation-block\">The project covers the entire range of human, primarily children's creativity and cultural activities, which fits into the cultural and tourism strategy of Croatia, and contributes to the development of cultural tourism at the local and national level. After many years of successful cooperation with the municipality of Okrug, we are enriching and improving the program every year.<\/p>\n\n\n\n<p class=\"translation-block\">Thus, in addition to the aforementioned children's program, we have organized a concert of classical music in the parish church for years, and since 2019, a photo competition called <strong>Hidden beauty of Okrug<\/strong> has been organized.<\/p>\n\n\n\n<figure class=\"wp-block-image size-full\"><a href=\"https:\/\/www.okrug.hr\/\" target=\"_blank\" rel=\"noopener\"><img loading=\"lazy\" decoding=\"async\" width=\"74\" height=\"100\" src=\"https:\/\/www.murtila.eu\/wp-content\/uploads\/2022\/01\/logo-opcina-okrug.png\" alt=\"\" class=\"wp-image-76\" srcset=\"https:\/\/www.murtila.eu\/wp-content\/uploads\/2022\/01\/logo-opcina-okrug.png 74w, https:\/\/www.murtila.eu\/wp-content\/uploads\/2022\/01\/logo-opcina-okrug-9x12.png 9w\" sizes=\"auto, (max-width: 74px) 100vw, 74px\" \/><\/a><\/figure>\n\n\n\n<p><a href=\"https:\/\/www.okrug.hr\/\" target=\"_blank\" rel=\"noreferrer noopener\">Op\u0107ina Okrug<\/a><\/p>\n\n\n\n<p><a href=\"https:\/\/www.visitokrug.com\/index-hr.html\" target=\"_blank\" rel=\"noreferrer noopener\">Okrug Tourist Board<\/a><\/p>\n\n\n\n<figure class=\"wp-block-gallery columns-3 is-cropped wp-block-gallery-1 is-layout-flex wp-block-gallery-is-layout-flex\"><ul class=\"blocks-gallery-grid\"><li class=\"blocks-gallery-item\"><figure><img loading=\"lazy\" decoding=\"async\" width=\"576\" height=\"1024\" src=\"https:\/\/www.murtila.eu\/wp-content\/uploads\/2022\/01\/djecji-tjedan-1-576x1024.jpg\" alt=\"\" data-id=\"82\" data-full-url=\"https:\/\/www.murtila.eu\/wp-content\/uploads\/2022\/01\/djecji-tjedan-1-rotated.jpg\" data-link=\"https:\/\/www.murtila.eu\/domaci-projekti\/djecji-tjedan\/djecji-tjedan-1\/\" class=\"wp-image-82\" srcset=\"https:\/\/www.murtila.eu\/wp-content\/uploads\/2022\/01\/djecji-tjedan-1-576x1024.jpg 576w, https:\/\/www.murtila.eu\/wp-content\/uploads\/2022\/01\/djecji-tjedan-1-169x300.jpg 169w, https:\/\/www.murtila.eu\/wp-content\/uploads\/2022\/01\/djecji-tjedan-1-7x12.jpg 7w, https:\/\/www.murtila.eu\/wp-content\/uploads\/2022\/01\/djecji-tjedan-1-rotated.jpg 720w\" sizes=\"auto, (max-width: 576px) 100vw, 576px\" \/><\/figure><\/li><li class=\"blocks-gallery-item\"><figure><img loading=\"lazy\" decoding=\"async\" width=\"1024\" height=\"768\" src=\"https:\/\/www.murtila.eu\/wp-content\/uploads\/2022\/01\/djecji-tjedan-3.jpg\" alt=\"\" data-id=\"85\" data-full-url=\"https:\/\/www.murtila.eu\/wp-content\/uploads\/2022\/01\/djecji-tjedan-3.jpg\" data-link=\"https:\/\/www.murtila.eu\/domaci-projekti\/djecji-tjedan\/djecji-tjedan-3\/\" class=\"wp-image-85\" srcset=\"https:\/\/www.murtila.eu\/wp-content\/uploads\/2022\/01\/djecji-tjedan-3.jpg 1024w, https:\/\/www.murtila.eu\/wp-content\/uploads\/2022\/01\/djecji-tjedan-3-300x225.jpg 300w, https:\/\/www.murtila.eu\/wp-content\/uploads\/2022\/01\/djecji-tjedan-3-768x576.jpg 768w, https:\/\/www.murtila.eu\/wp-content\/uploads\/2022\/01\/djecji-tjedan-3-16x12.jpg 16w, https:\/\/www.murtila.eu\/wp-content\/uploads\/2022\/01\/djecji-tjedan-3-400x300.jpg 400w\" sizes=\"auto, (max-width: 1024px) 100vw, 1024px\" \/><\/figure><\/li><li class=\"blocks-gallery-item\"><figure><img loading=\"lazy\" decoding=\"async\" width=\"1024\" height=\"576\" src=\"https:\/\/www.murtila.eu\/wp-content\/uploads\/2022\/01\/djecji-tjedan-2.jpg\" alt=\"\" data-id=\"83\" data-full-url=\"https:\/\/www.murtila.eu\/wp-content\/uploads\/2022\/01\/djecji-tjedan-2.jpg\" data-link=\"https:\/\/www.murtila.eu\/domaci-projekti\/djecji-tjedan\/djecji-tjedan-2\/\" class=\"wp-image-83\" srcset=\"https:\/\/www.murtila.eu\/wp-content\/uploads\/2022\/01\/djecji-tjedan-2.jpg 1024w, https:\/\/www.murtila.eu\/wp-content\/uploads\/2022\/01\/djecji-tjedan-2-300x169.jpg 300w, https:\/\/www.murtila.eu\/wp-content\/uploads\/2022\/01\/djecji-tjedan-2-768x432.jpg 768w, https:\/\/www.murtila.eu\/wp-content\/uploads\/2022\/01\/djecji-tjedan-2-18x10.jpg 18w\" sizes=\"auto, (max-width: 1024px) 100vw, 1024px\" \/><\/figure><\/li><li class=\"blocks-gallery-item\"><figure><img loading=\"lazy\" decoding=\"async\" width=\"1024\" height=\"768\" src=\"https:\/\/www.murtila.eu\/wp-content\/uploads\/2022\/01\/djecji-tjedan-4.jpg\" alt=\"\" data-id=\"86\" data-full-url=\"https:\/\/www.murtila.eu\/wp-content\/uploads\/2022\/01\/djecji-tjedan-4.jpg\" data-link=\"https:\/\/www.murtila.eu\/domaci-projekti\/djecji-tjedan\/djecji-tjedan-4\/\" class=\"wp-image-86\" srcset=\"https:\/\/www.murtila.eu\/wp-content\/uploads\/2022\/01\/djecji-tjedan-4.jpg 1024w, https:\/\/www.murtila.eu\/wp-content\/uploads\/2022\/01\/djecji-tjedan-4-300x225.jpg 300w, https:\/\/www.murtila.eu\/wp-content\/uploads\/2022\/01\/djecji-tjedan-4-768x576.jpg 768w, https:\/\/www.murtila.eu\/wp-content\/uploads\/2022\/01\/djecji-tjedan-4-16x12.jpg 16w, https:\/\/www.murtila.eu\/wp-content\/uploads\/2022\/01\/djecji-tjedan-4-400x300.jpg 400w\" sizes=\"auto, (max-width: 1024px) 100vw, 1024px\" \/><\/figure><\/li><\/ul><\/figure>\n\n\n\n<figure class=\"wp-block-gallery columns-3 is-cropped wp-block-gallery-2 is-layout-flex wp-block-gallery-is-layout-flex\"><ul class=\"blocks-gallery-grid\"><li class=\"blocks-gallery-item\"><figure><img loading=\"lazy\" decoding=\"async\" width=\"800\" height=\"600\" src=\"https:\/\/www.murtila.eu\/wp-content\/uploads\/2022\/01\/dj-tjedan-2-4.jpg\" alt=\"\" data-id=\"88\" data-full-url=\"https:\/\/www.murtila.eu\/wp-content\/uploads\/2022\/01\/dj-tjedan-2-4.jpg\" data-link=\"https:\/\/www.murtila.eu\/domaci-projekti\/djecji-tjedan\/dj-tjedan-2-4\/\" class=\"wp-image-88\" srcset=\"https:\/\/www.murtila.eu\/wp-content\/uploads\/2022\/01\/dj-tjedan-2-4.jpg 800w, https:\/\/www.murtila.eu\/wp-content\/uploads\/2022\/01\/dj-tjedan-2-4-300x225.jpg 300w, https:\/\/www.murtila.eu\/wp-content\/uploads\/2022\/01\/dj-tjedan-2-4-768x576.jpg 768w, https:\/\/www.murtila.eu\/wp-content\/uploads\/2022\/01\/dj-tjedan-2-4-16x12.jpg 16w, https:\/\/www.murtila.eu\/wp-content\/uploads\/2022\/01\/dj-tjedan-2-4-400x300.jpg 400w\" sizes=\"auto, (max-width: 800px) 100vw, 800px\" \/><\/figure><\/li><li class=\"blocks-gallery-item\"><figure><img loading=\"lazy\" decoding=\"async\" width=\"800\" height=\"600\" src=\"https:\/\/www.murtila.eu\/wp-content\/uploads\/2022\/01\/dj-tjedan-2-5.jpg\" alt=\"\" data-id=\"89\" data-full-url=\"https:\/\/www.murtila.eu\/wp-content\/uploads\/2022\/01\/dj-tjedan-2-5.jpg\" data-link=\"https:\/\/www.murtila.eu\/domaci-projekti\/djecji-tjedan\/dj-tjedan-2-5\/\" class=\"wp-image-89\" srcset=\"https:\/\/www.murtila.eu\/wp-content\/uploads\/2022\/01\/dj-tjedan-2-5.jpg 800w, https:\/\/www.murtila.eu\/wp-content\/uploads\/2022\/01\/dj-tjedan-2-5-300x225.jpg 300w, https:\/\/www.murtila.eu\/wp-content\/uploads\/2022\/01\/dj-tjedan-2-5-768x576.jpg 768w, https:\/\/www.murtila.eu\/wp-content\/uploads\/2022\/01\/dj-tjedan-2-5-16x12.jpg 16w, https:\/\/www.murtila.eu\/wp-content\/uploads\/2022\/01\/dj-tjedan-2-5-400x300.jpg 400w\" sizes=\"auto, (max-width: 800px) 100vw, 800px\" \/><\/figure><\/li><li class=\"blocks-gallery-item\"><figure><img loading=\"lazy\" decoding=\"async\" width=\"800\" height=\"600\" src=\"https:\/\/www.murtila.eu\/wp-content\/uploads\/2022\/01\/dj-tjedan-2-6.jpg\" alt=\"\" data-id=\"90\" data-full-url=\"https:\/\/www.murtila.eu\/wp-content\/uploads\/2022\/01\/dj-tjedan-2-6.jpg\" data-link=\"https:\/\/www.murtila.eu\/domaci-projekti\/djecji-tjedan\/dj-tjedan-2-6\/\" class=\"wp-image-90\" srcset=\"https:\/\/www.murtila.eu\/wp-content\/uploads\/2022\/01\/dj-tjedan-2-6.jpg 800w, https:\/\/www.murtila.eu\/wp-content\/uploads\/2022\/01\/dj-tjedan-2-6-300x225.jpg 300w, https:\/\/www.murtila.eu\/wp-content\/uploads\/2022\/01\/dj-tjedan-2-6-768x576.jpg 768w, https:\/\/www.murtila.eu\/wp-content\/uploads\/2022\/01\/dj-tjedan-2-6-16x12.jpg 16w, https:\/\/www.murtila.eu\/wp-content\/uploads\/2022\/01\/dj-tjedan-2-6-400x300.jpg 400w\" sizes=\"auto, (max-width: 800px) 100vw, 800px\" \/><\/figure><\/li><li class=\"blocks-gallery-item\"><figure><img loading=\"lazy\" decoding=\"async\" width=\"800\" height=\"600\" src=\"https:\/\/www.murtila.eu\/wp-content\/uploads\/2022\/01\/dj-tjedan-2-1.jpg\" alt=\"\" data-id=\"91\" data-full-url=\"https:\/\/www.murtila.eu\/wp-content\/uploads\/2022\/01\/dj-tjedan-2-1.jpg\" data-link=\"https:\/\/www.murtila.eu\/domaci-projekti\/djecji-tjedan\/dj-tjedan-2-1\/\" class=\"wp-image-91\" srcset=\"https:\/\/www.murtila.eu\/wp-content\/uploads\/2022\/01\/dj-tjedan-2-1.jpg 800w, https:\/\/www.murtila.eu\/wp-content\/uploads\/2022\/01\/dj-tjedan-2-1-300x225.jpg 300w, https:\/\/www.murtila.eu\/wp-content\/uploads\/2022\/01\/dj-tjedan-2-1-768x576.jpg 768w, https:\/\/www.murtila.eu\/wp-content\/uploads\/2022\/01\/dj-tjedan-2-1-16x12.jpg 16w, https:\/\/www.murtila.eu\/wp-content\/uploads\/2022\/01\/dj-tjedan-2-1-400x300.jpg 400w\" sizes=\"auto, (max-width: 800px) 100vw, 800px\" \/><\/figure><\/li><li class=\"blocks-gallery-item\"><figure><img loading=\"lazy\" decoding=\"async\" width=\"800\" height=\"600\" src=\"https:\/\/www.murtila.eu\/wp-content\/uploads\/2022\/01\/dj-tjedan-2-3.jpg\" alt=\"\" data-id=\"93\" data-full-url=\"https:\/\/www.murtila.eu\/wp-content\/uploads\/2022\/01\/dj-tjedan-2-3.jpg\" data-link=\"https:\/\/www.murtila.eu\/domaci-projekti\/djecji-tjedan\/dj-tjedan-2-3\/\" class=\"wp-image-93\" srcset=\"https:\/\/www.murtila.eu\/wp-content\/uploads\/2022\/01\/dj-tjedan-2-3.jpg 800w, https:\/\/www.murtila.eu\/wp-content\/uploads\/2022\/01\/dj-tjedan-2-3-300x225.jpg 300w, https:\/\/www.murtila.eu\/wp-content\/uploads\/2022\/01\/dj-tjedan-2-3-768x576.jpg 768w, https:\/\/www.murtila.eu\/wp-content\/uploads\/2022\/01\/dj-tjedan-2-3-16x12.jpg 16w, https:\/\/www.murtila.eu\/wp-content\/uploads\/2022\/01\/dj-tjedan-2-3-400x300.jpg 400w\" sizes=\"auto, (max-width: 800px) 100vw, 800px\" \/><\/figure><\/li><li class=\"blocks-gallery-item\"><figure><img loading=\"lazy\" decoding=\"async\" width=\"960\" height=\"540\" src=\"https:\/\/www.murtila.eu\/wp-content\/uploads\/2022\/01\/dj-tjedan-2-2.jpg\" alt=\"\" data-id=\"92\" data-full-url=\"https:\/\/www.murtila.eu\/wp-content\/uploads\/2022\/01\/dj-tjedan-2-2.jpg\" data-link=\"https:\/\/www.murtila.eu\/domaci-projekti\/djecji-tjedan\/dj-tjedan-2-2\/\" class=\"wp-image-92\" srcset=\"https:\/\/www.murtila.eu\/wp-content\/uploads\/2022\/01\/dj-tjedan-2-2.jpg 960w, https:\/\/www.murtila.eu\/wp-content\/uploads\/2022\/01\/dj-tjedan-2-2-300x169.jpg 300w, https:\/\/www.murtila.eu\/wp-content\/uploads\/2022\/01\/dj-tjedan-2-2-768x432.jpg 768w, https:\/\/www.murtila.eu\/wp-content\/uploads\/2022\/01\/dj-tjedan-2-2-18x10.jpg 18w\" sizes=\"auto, (max-width: 960px) 100vw, 960px\" \/><\/figure><\/li><\/ul><\/figure>\n\n\n\n<figure class=\"wp-block-gallery columns-2 is-cropped wp-block-gallery-3 is-layout-flex wp-block-gallery-is-layout-flex\"><ul class=\"blocks-gallery-grid\"><li class=\"blocks-gallery-item\"><figure><img loading=\"lazy\" decoding=\"async\" width=\"800\" height=\"533\" src=\"https:\/\/www.murtila.eu\/wp-content\/uploads\/2022\/01\/dj-tjedan-3-1.jpg\" alt=\"\" data-id=\"105\" data-full-url=\"https:\/\/www.murtila.eu\/wp-content\/uploads\/2022\/01\/dj-tjedan-3-1.jpg\" data-link=\"https:\/\/www.murtila.eu\/domaci-projekti\/djecji-tjedan\/dj-tjedan-3-1\/\" class=\"wp-image-105\" srcset=\"https:\/\/www.murtila.eu\/wp-content\/uploads\/2022\/01\/dj-tjedan-3-1.jpg 800w, https:\/\/www.murtila.eu\/wp-content\/uploads\/2022\/01\/dj-tjedan-3-1-300x200.jpg 300w, https:\/\/www.murtila.eu\/wp-content\/uploads\/2022\/01\/dj-tjedan-3-1-768x512.jpg 768w, https:\/\/www.murtila.eu\/wp-content\/uploads\/2022\/01\/dj-tjedan-3-1-18x12.jpg 18w\" sizes=\"auto, (max-width: 800px) 100vw, 800px\" \/><\/figure><\/li><li class=\"blocks-gallery-item\"><figure><img loading=\"lazy\" decoding=\"async\" width=\"800\" height=\"450\" src=\"https:\/\/www.murtila.eu\/wp-content\/uploads\/2022\/01\/dj-tjedan-3-2.jpg\" alt=\"\" data-id=\"107\" data-full-url=\"https:\/\/www.murtila.eu\/wp-content\/uploads\/2022\/01\/dj-tjedan-3-2.jpg\" data-link=\"https:\/\/www.murtila.eu\/domaci-projekti\/djecji-tjedan\/dj-tjedan-3-2\/\" class=\"wp-image-107\" srcset=\"https:\/\/www.murtila.eu\/wp-content\/uploads\/2022\/01\/dj-tjedan-3-2.jpg 800w, https:\/\/www.murtila.eu\/wp-content\/uploads\/2022\/01\/dj-tjedan-3-2-300x169.jpg 300w, https:\/\/www.murtila.eu\/wp-content\/uploads\/2022\/01\/dj-tjedan-3-2-768x432.jpg 768w, https:\/\/www.murtila.eu\/wp-content\/uploads\/2022\/01\/dj-tjedan-3-2-18x10.jpg 18w\" sizes=\"auto, (max-width: 800px) 100vw, 800px\" \/><\/figure><\/li><\/ul><\/figure>","protected":false},"excerpt":{"rendered":"<p>Projekt pod nazivom Dje\u010dji tjedan koji se ostvaruje unutar programa Okru\u0161kih ljetnih ve\u010deri odr\u017eavase u kontinuitetu od 2010. godine. Program se uz podr\u0161ku Op\u0107ine Okrug i TZ Okrug ostvarivao usuradnji s Narodnim sveu\u010dili\u0161tem Dubrava, potom Udrugom 4 image, a od 2017. godine, kada idejnaza\u010detnica Dje\u010djeg tjedna, Maja Marohni\u0107 sa svojim timom osniva udrugu Murtila sa [&hellip;]<\/p>","protected":false},"author":1,"featured_media":0,"parent":37,"menu_order":10,"comment_status":"closed","ping_status":"closed","template":"","meta":{"site-sidebar-layout":"default","site-content-layout":"","ast-site-content-layout":"","site-content-style":"default","site-sidebar-style":"default","ast-global-header-display":"","ast-banner-title-visibility":"","ast-main-header-display":"","ast-hfb-above-header-display":"","ast-hfb-below-header-display":"","ast-hfb-mobile-header-display":"","site-post-title":"","ast-breadcrumbs-content":"","ast-featured-img":"","footer-sml-layout":"","theme-transparent-header-meta":"","adv-header-id-meta":"","stick-header-meta":"","header-above-stick-meta":"","header-main-stick-meta":"","header-below-stick-meta":"","astra-migrate-meta-layouts":"default","ast-page-background-enabled":"default","ast-page-background-meta":{"desktop":{"background-color":"var(--ast-global-color-4)","background-image":"","background-repeat":"repeat","background-position":"center center","background-size":"auto","background-attachment":"scroll","background-type":"","background-media":"","overlay-type":"","overlay-color":"","overlay-opacity":"","overlay-gradient":""},"tablet":{"background-color":"","background-image":"","background-repeat":"repeat","background-position":"center center","background-size":"auto","background-attachment":"scroll","background-type":"","background-media":"","overlay-type":"","overlay-color":"","overlay-opacity":"","overlay-gradient":""},"mobile":{"background-color":"","background-image":"","background-repeat":"repeat","background-position":"center center","background-size":"auto","background-attachment":"scroll","background-type":"","background-media":"","overlay-type":"","overlay-color":"","overlay-opacity":"","overlay-gradient":""}},"ast-content-background-meta":{"desktop":{"background-color":"var(--ast-global-color-5)","background-image":"","background-repeat":"repeat","background-position":"center center","background-size":"auto","background-attachment":"scroll","background-type":"","background-media":"","overlay-type":"","overlay-color":"","overlay-opacity":"","overlay-gradient":""},"tablet":{"background-color":"var(--ast-global-color-5)","background-image":"","background-repeat":"repeat","background-position":"center center","background-size":"auto","background-attachment":"scroll","background-type":"","background-media":"","overlay-type":"","overlay-color":"","overlay-opacity":"","overlay-gradient":""},"mobile":{"background-color":"var(--ast-global-color-5)","background-image":"","background-repeat":"repeat","background-position":"center center","background-size":"auto","background-attachment":"scroll","background-type":"","background-media":"","overlay-type":"","overlay-color":"","overlay-opacity":"","overlay-gradient":""}},"footnotes":""},"class_list":["post-73","page","type-page","status-publish","hentry"],"_links":{"self":[{"href":"https:\/\/www.murtila.eu\/en\/wp-json\/wp\/v2\/pages\/73","targetHints":{"allow":["GET"]}}],"collection":[{"href":"https:\/\/www.murtila.eu\/en\/wp-json\/wp\/v2\/pages"}],"about":[{"href":"https:\/\/www.murtila.eu\/en\/wp-json\/wp\/v2\/types\/page"}],"author":[{"embeddable":true,"href":"https:\/\/www.murtila.eu\/en\/wp-json\/wp\/v2\/users\/1"}],"replies":[{"embeddable":true,"href":"https:\/\/www.murtila.eu\/en\/wp-json\/wp\/v2\/comments?post=73"}],"version-history":[{"count":10,"href":"https:\/\/www.murtila.eu\/en\/wp-json\/wp\/v2\/pages\/73\/revisions"}],"predecessor-version":[{"id":152,"href":"https:\/\/www.murtila.eu\/en\/wp-json\/wp\/v2\/pages\/73\/revisions\/152"}],"up":[{"embeddable":true,"href":"https:\/\/www.murtila.eu\/en\/wp-json\/wp\/v2\/pages\/37"}],"wp:attachment":[{"href":"https:\/\/www.murtila.eu\/en\/wp-json\/wp\/v2\/media?parent=73"}],"curies":[{"name":"wp","href":"https:\/\/api.w.org\/{rel}","templated":true}]}}