{"id":96,"date":"2022-01-23T13:00:19","date_gmt":"2022-01-23T12:00:19","guid":{"rendered":"https:\/\/www.murtila.eu\/?page_id=96"},"modified":"2022-01-23T14:33:03","modified_gmt":"2022-01-23T13:33:03","slug":"my-town-your-town","status":"publish","type":"page","link":"https:\/\/www.murtila.eu\/en\/europski-projekti\/my-town-your-town\/","title":{"rendered":"My Town Your Town"},"content":{"rendered":"<p>My Town Your Town [MTYT] is a training program aimed at increasing the employability, skills and inclusion of young people through the development of intergenerational tourism. It is intended primarily for young people aged 18 to 30 years. It is funded by the European Union, the Erasmus + Youth Program.<\/p>\n\n\n\n<p>In collaboration with mentors, the young people worked on creating a new narrative interpretation of an existing or new tourist destination in their local area. The Murtila Association dealt with the problem of the tourist offer of smaller, rural places. As an example, there were places in the Sisak-Moslavina County from the area covered by LAG Una.<\/p>\n\n\n\n<p>The model will better represent the multicultural aspects and European values \u200b\u200bof smaller places in order to better adapt the offer of your place \/ city to the visitors of the 21st century.<\/p>\n\n\n\n<p>The project was created within the Erasmus + cooperation of partners from Cyprus, Italy, Greece, Great Britain and Croatia (project code: 201702-CY02-KA205-001033) who, each in their local community identified problems related to youth unemployment, social inclusion and cohesion, tourism and culture.<\/p>\n\n\n\n<p>As a result of the project, a project website, training model and brochure, a cluster called Court Basket and Erasmus+ Club were created.<\/p>\n\n\n\n<p>More details:&nbsp;<a rel=\"noreferrer noopener\" href=\"http:\/\/www.mytownyourtown.eu\/\" target=\"_blank\">http:\/\/www.mytownyourtown.eu\/<\/a><br><a rel=\"noreferrer noopener\" href=\"https:\/\/web.facebook.com\/My-Town-Your-Town-1230687657097099\/?_rdc=1&amp;_rdr\" target=\"_blank\">https:\/\/web.facebook.com\/My-Town-Your-Town-1230687657097099\/?_rdc=1&amp;_rdr<\/a><\/p>\n\n\n\n<figure class=\"wp-block-image size-large\"><img loading=\"lazy\" decoding=\"async\" width=\"724\" height=\"1024\" src=\"https:\/\/www.murtila.eu\/wp-content\/uploads\/2022\/01\/Poster-MYTT-724x1024.jpg\" alt=\"\" class=\"wp-image-102\" srcset=\"https:\/\/www.murtila.eu\/wp-content\/uploads\/2022\/01\/Poster-MYTT-724x1024.jpg 724w, https:\/\/www.murtila.eu\/wp-content\/uploads\/2022\/01\/Poster-MYTT-212x300.jpg 212w, https:\/\/www.murtila.eu\/wp-content\/uploads\/2022\/01\/Poster-MYTT-768x1086.jpg 768w, https:\/\/www.murtila.eu\/wp-content\/uploads\/2022\/01\/Poster-MYTT-8x12.jpg 8w, https:\/\/www.murtila.eu\/wp-content\/uploads\/2022\/01\/Poster-MYTT.jpg 800w\" sizes=\"auto, (max-width: 724px) 100vw, 724px\" \/><\/figure>\n\n\n\n<figure class=\"wp-block-image size-full\"><img loading=\"lazy\" decoding=\"async\" width=\"1000\" height=\"205\" src=\"https:\/\/www.murtila.eu\/wp-content\/uploads\/2022\/01\/logo-erasmus.jpg\" alt=\"\" class=\"wp-image-100\" srcset=\"https:\/\/www.murtila.eu\/wp-content\/uploads\/2022\/01\/logo-erasmus.jpg 1000w, https:\/\/www.murtila.eu\/wp-content\/uploads\/2022\/01\/logo-erasmus-300x62.jpg 300w, https:\/\/www.murtila.eu\/wp-content\/uploads\/2022\/01\/logo-erasmus-768x157.jpg 768w, https:\/\/www.murtila.eu\/wp-content\/uploads\/2022\/01\/logo-erasmus-18x4.jpg 18w\" sizes=\"auto, (max-width: 1000px) 100vw, 1000px\" \/><\/figure>","protected":false},"excerpt":{"rendered":"<p>My Town Your Town [MTYT] je trening program kojem je cilj pove\u0107ati zapo\u0161ljivost, vje\u0161tine i inkluziju mladih kroz razvoj me\u0111ugeneracijskog turizma. Namijenjen je prvenstveno mladima u dobi od 18 do 30 godina. Financiran je sredstvima Europse Unije, Erasmus+ programa za mlade. U suradnji s mentorima mladi su radili na stvaranju nove narativne interpretacije postoje\u0107e ili [&hellip;]<\/p>","protected":false},"author":1,"featured_media":0,"parent":35,"menu_order":20,"comment_status":"closed","ping_status":"closed","template":"","meta":{"site-sidebar-layout":"default","site-content-layout":"","ast-site-content-layout":"","site-content-style":"default","site-sidebar-style":"default","ast-global-header-display":"","ast-banner-title-visibility":"","ast-main-header-display":"","ast-hfb-above-header-display":"","ast-hfb-below-header-display":"","ast-hfb-mobile-header-display":"","site-post-title":"","ast-breadcrumbs-content":"","ast-featured-img":"","footer-sml-layout":"","theme-transparent-header-meta":"","adv-header-id-meta":"","stick-header-meta":"","header-above-stick-meta":"","header-main-stick-meta":"","header-below-stick-meta":"","astra-migrate-meta-layouts":"default","ast-page-background-enabled":"default","ast-page-background-meta":{"desktop":{"background-color":"var(--ast-global-color-4)","background-image":"","background-repeat":"repeat","background-position":"center center","background-size":"auto","background-attachment":"scroll","background-type":"","background-media":"","overlay-type":"","overlay-color":"","overlay-opacity":"","overlay-gradient":""},"tablet":{"background-color":"","background-image":"","background-repeat":"repeat","background-position":"center center","background-size":"auto","background-attachment":"scroll","background-type":"","background-media":"","overlay-type":"","overlay-color":"","overlay-opacity":"","overlay-gradient":""},"mobile":{"background-color":"","background-image":"","background-repeat":"repeat","background-position":"center center","background-size":"auto","background-attachment":"scroll","background-type":"","background-media":"","overlay-type":"","overlay-color":"","overlay-opacity":"","overlay-gradient":""}},"ast-content-background-meta":{"desktop":{"background-color":"var(--ast-global-color-5)","background-image":"","background-repeat":"repeat","background-position":"center center","background-size":"auto","background-attachment":"scroll","background-type":"","background-media":"","overlay-type":"","overlay-color":"","overlay-opacity":"","overlay-gradient":""},"tablet":{"background-color":"var(--ast-global-color-5)","background-image":"","background-repeat":"repeat","background-position":"center center","background-size":"auto","background-attachment":"scroll","background-type":"","background-media":"","overlay-type":"","overlay-color":"","overlay-opacity":"","overlay-gradient":""},"mobile":{"background-color":"var(--ast-global-color-5)","background-image":"","background-repeat":"repeat","background-position":"center center","background-size":"auto","background-attachment":"scroll","background-type":"","background-media":"","overlay-type":"","overlay-color":"","overlay-opacity":"","overlay-gradient":""}},"footnotes":""},"class_list":["post-96","page","type-page","status-publish","hentry"],"_links":{"self":[{"href":"https:\/\/www.murtila.eu\/en\/wp-json\/wp\/v2\/pages\/96","targetHints":{"allow":["GET"]}}],"collection":[{"href":"https:\/\/www.murtila.eu\/en\/wp-json\/wp\/v2\/pages"}],"about":[{"href":"https:\/\/www.murtila.eu\/en\/wp-json\/wp\/v2\/types\/page"}],"author":[{"embeddable":true,"href":"https:\/\/www.murtila.eu\/en\/wp-json\/wp\/v2\/users\/1"}],"replies":[{"embeddable":true,"href":"https:\/\/www.murtila.eu\/en\/wp-json\/wp\/v2\/comments?post=96"}],"version-history":[{"count":6,"href":"https:\/\/www.murtila.eu\/en\/wp-json\/wp\/v2\/pages\/96\/revisions"}],"predecessor-version":[{"id":151,"href":"https:\/\/www.murtila.eu\/en\/wp-json\/wp\/v2\/pages\/96\/revisions\/151"}],"up":[{"embeddable":true,"href":"https:\/\/www.murtila.eu\/en\/wp-json\/wp\/v2\/pages\/35"}],"wp:attachment":[{"href":"https:\/\/www.murtila.eu\/en\/wp-json\/wp\/v2\/media?parent=96"}],"curies":[{"name":"wp","href":"https:\/\/api.w.org\/{rel}","templated":true}]}}